{"id":339,"date":"2025-02-14T17:58:27","date_gmt":"2025-02-14T17:58:27","guid":{"rendered":"https:\/\/www.touristvan.es\/tourist\/colibri-wp\/"},"modified":"2025-05-01T10:12:06","modified_gmt":"2025-05-01T10:12:06","slug":"colibri-wp","status":"publish","type":"page","link":"https:\/\/www.touristvan.es\/tourist\/","title":{"rendered":""},"content":{"rendered":"\n<p><\/p>\n\n\n\n<p><\/p>\n\n\n\n<div class=\"wp-block-group alignfull is-nowrap is-layout-flex wp-container-core-group-is-layout-1 wp-block-group-is-layout-flex\">\n<div class=\"wp-block-media-text is-stacked-on-mobile\" style=\"grid-template-columns:32% auto\"><figure class=\"wp-block-media-text__media\"><img loading=\"lazy\" decoding=\"async\" width=\"795\" height=\"525\" src=\"https:\/\/www.touristvan.es\/tourist\/wp-content\/uploads\/2024\/10\/60-transit-conversion-exterior-main.jpg\" alt=\"\" class=\"wp-image-110 size-full\" srcset=\"https:\/\/www.touristvan.es\/tourist\/wp-content\/uploads\/2024\/10\/60-transit-conversion-exterior-main.jpg 795w, https:\/\/www.touristvan.es\/tourist\/wp-content\/uploads\/2024\/10\/60-transit-conversion-exterior-main-300x198.jpg 300w, https:\/\/www.touristvan.es\/tourist\/wp-content\/uploads\/2024\/10\/60-transit-conversion-exterior-main-768x507.jpg 768w\" sizes=\"(max-width: 795px) 100vw, 795px\" \/><\/figure><div class=\"wp-block-media-text__content\">\n<h4 class=\"wp-block-heading alignfull has-primary-color has-text-color has-link-color wp-elements-1a052bba0613437efa9077b5ed7f16ba\">QUE HACEMOS<\/h4>\n\n\n\n<hr class=\"wp-block-separator alignfull has-alpha-channel-opacity\"\/>\n\n\n\n<p class=\"has-black-color has-text-color has-link-color wp-elements-d916b87e32a5475414fae8ac4a92e58a\">En Tourist Van, Transformamos tu furgoneta en el hogar sobre ruedas de tus sue\u00f1os. Con m\u00e1s de 5 a\u00f1os de experiencia en el sector, muestro equipo esta listo para ofrecerte soluciones personalizadas que se adaptan a tus necesidades y estilo de vida.<\/p>\n<\/div><\/div>\n<\/div>\n\n\n\n<div class=\"wp-block-media-text alignfull has-media-on-the-right is-stacked-on-mobile\" style=\"grid-template-columns:auto 39%\"><div class=\"wp-block-media-text__content\">\n<h4 class=\"wp-block-heading alignfull has-primary-color has-text-color has-link-color wp-elements-0e41f7e5ff64a29e6463454935d0270e\">QUE NOS HACE DIFERENTES<\/h4>\n\n\n\n<hr class=\"wp-block-separator alignfull has-alpha-channel-opacity\"\/>\n\n\n\n<p class=\"has-black-color has-text-color has-link-color wp-elements-52c23d78cfa4ebd14bdd1ca6cd4995c7\">Utilizamos materiales de alta calidad que garantizan la resistencia y durabilidad de tu camper. Cada detalle cuenta y estamos comprometidos con la excelencia.<\/p>\n\n\n\n<p class=\"has-black-color has-text-color has-link-color wp-elements-8eef53cb84116102d7784d60830b9d93\">Nuestros dise\u00f1adores trabajar\u00e1n en un plano personalizado que maximice el espacio y la funcionalidad, asegurando que cada rinc\u00f3n de tu vehiculo camper sea pr\u00e1ctico y acogedor.<\/p>\n\n\n\n<p class=\"has-black-color has-text-color has-link-color wp-elements-42350e30cb9af8e9a2b4d03c8f7788f6\">Nuestros equipo te guiar\u00e1 en cada paso del proceso, desde la elecci\u00f3n de los materiales hasta la mejor opci\u00f3n para las instalaciones de electricidad, agua \u00f3 gas seg\u00fan sea la opci\u00f3n escogida por nuestro cliente.<\/p>\n<\/div><figure class=\"wp-block-media-text__media\"><img loading=\"lazy\" decoding=\"async\" width=\"750\" height=\"544\" src=\"https:\/\/www.touristvan.es\/tourist\/wp-content\/uploads\/2024\/10\/IMG_E3240.jpg\" alt=\"\" class=\"wp-image-47 size-full\" srcset=\"https:\/\/www.touristvan.es\/tourist\/wp-content\/uploads\/2024\/10\/IMG_E3240.jpg 750w, https:\/\/www.touristvan.es\/tourist\/wp-content\/uploads\/2024\/10\/IMG_E3240-300x218.jpg 300w\" sizes=\"(max-width: 750px) 100vw, 750px\" \/><\/figure><\/div>\n\n\n\n<div class=\"wp-block-media-text alignfull is-stacked-on-mobile\" style=\"grid-template-columns:26% auto\"><figure class=\"wp-block-media-text__media\"><img loading=\"lazy\" decoding=\"async\" width=\"1000\" height=\"1000\" src=\"https:\/\/www.touristvan.es\/tourist\/wp-content\/uploads\/2024\/10\/pack2victron.jpg\" alt=\"\" class=\"wp-image-122 size-full\" srcset=\"https:\/\/www.touristvan.es\/tourist\/wp-content\/uploads\/2024\/10\/pack2victron.jpg 1000w, https:\/\/www.touristvan.es\/tourist\/wp-content\/uploads\/2024\/10\/pack2victron-300x300.jpg 300w, https:\/\/www.touristvan.es\/tourist\/wp-content\/uploads\/2024\/10\/pack2victron-150x150.jpg 150w, https:\/\/www.touristvan.es\/tourist\/wp-content\/uploads\/2024\/10\/pack2victron-768x768.jpg 768w\" sizes=\"(max-width: 1000px) 100vw, 1000px\" \/><\/figure><div class=\"wp-block-media-text__content\">\n<h4 class=\"wp-block-heading has-primary-color has-text-color has-link-color wp-elements-f56dfe478eb359fdaf7883842261b18c\">NUESTROS SERVICIOS<\/h4>\n\n\n\n<hr class=\"wp-block-separator alignfull has-alpha-channel-opacity\"\/>\n\n\n\n<p class=\"has-black-color has-text-color has-link-color wp-elements-bbc912cbfe5bb436dc7fb63a113c6437\">Ofrecemos una amplia gama de servicios que incluyen la instalaci\u00f3n de muebles personalizados, sistemas de cocina compactos, \u00e1reas de descanso c\u00f3modas y soluciones de almacenamiento eficientes. Adem\u00e1s, integramos instalaciones de agua, gas, calefacci\u00f3n y el\u00e9ctricas garantizando que tu camper est\u00e9 lista para cualquier aventura.<br>Nuestros servicios de incluyen la instalaci\u00f3n de sistemas el\u00e9ctricos que abarcan desde bater\u00edas de ciclo profundo hasta paneles solares, convertidores de corriente y sistemas de iluminaci\u00f3n LED.<\/p>\n\n\n\n<p class=\"has-black-color has-text-color has-link-color wp-elements-849df3fbe8972e2ea582cdfe50ed0a26\">Trabajamos con los mejores componentes del mercado para asegurar que tu camper este equipada con la tecnolog\u00eda de ultima generaci\u00f3n. Nos especializamos en crear soluciones personalizadas que transforman tu veh\u00edculo en un hogar con ruedas. Con una combinaci\u00f3n perfecta funcionalidad, comodidad y estilo, nuestros muebles est\u00e1n dise\u00f1ados para ofrecerte el mejor espacio y comodidad.<\/p>\n<\/div><\/div>\n\n\n\n<h4 class=\"wp-block-heading has-primary-color has-text-color has-link-color wp-elements-0e12917571887763d390bfccf95bb2c3\">        POR QUE ELEGIRNOS<\/h4>\n\n\n\n<hr class=\"wp-block-separator has-alpha-channel-opacity\"\/>\n\n\n\n<div class=\"wp-block-columns alignwide is-layout-flex wp-container-core-columns-is-layout-1 wp-block-columns-is-layout-flex\" style=\"margin-bottom:0\">\n<div class=\"wp-block-column has-text-color has-link-color wp-elements-034dafaa7e9d65bc8e8f305904391204 is-layout-flow wp-block-column-is-layout-flow\" style=\"color:#000000;padding-top:2em;padding-right:2em;padding-bottom:2em;padding-left:2em\">\n<h2 class=\"wp-block-heading has-primary-color has-text-color has-link-color wp-elements-a323989f30fcc8d27409781f7fa13685\" id=\"single\" style=\"font-size:19px\"><strong>Calidad y Durabilidad<\/strong><\/h2>\n\n\n\n<ul class=\"has-normal-font-size\">\n<li style=\"font-size:15px;font-style:normal;font-weight:400\">Utilizamos materiales de alta calidad que garantizan la resistencia y durabilidad de tu camper. Cada detalle cuenta y estamos comprometidos con la excelencia.<\/li>\n<\/ul>\n<\/div>\n\n\n\n<div class=\"wp-block-column has-text-color has-link-color has-medium-font-size wp-elements-97dfc2209c7e7ac9a4c5cafe8053af96 is-layout-flow wp-block-column-is-layout-flow\" style=\"color:#000000;padding-top:2em;padding-right:2em;padding-bottom:2em;padding-left:2em\">\n<h2 class=\"wp-block-heading has-primary-color has-text-color has-link-color wp-elements-5212e347d41473bee23b68c49229a1f0\" id=\"single\" style=\"font-size:19px\"><strong>Dise\u00f1o Personalizado<br><\/strong><\/h2>\n\n\n\n<ul class=\"has-normal-font-size\">\n<li style=\"font-size:15px\">Sabemos que cada aventurero es \u00fanico. Trabajamos contigo para dise\u00f1ar un espacio que refleje tu personalidad y necesidades, desde la distribuci\u00f3n hasta los acabados.<\/li>\n<\/ul>\n<\/div>\n\n\n\n<div class=\"wp-block-column has-text-color has-link-color has-medium-font-size wp-elements-f5ab55f9a385ffe9558ea2e33ae0e79f is-layout-flow wp-block-column-is-layout-flow\" style=\"color:#000000;padding-top:2em;padding-right:2em;padding-bottom:2em;padding-left:2em\">\n<h2 class=\"wp-block-heading has-primary-color has-text-color has-link-color wp-elements-8fed94046ad05a12deb64c1ca328bd38\" id=\"single\" style=\"font-size:19px\"><strong>Sostenibilidad<\/strong><\/h2>\n\n\n\n<ul class=\"has-normal-font-size\">\n<li style=\"font-size:15px\">&nbsp;Nos preocupamos por el medio ambiente. Por eso, ofrecemos opciones de camperizaci\u00f3n que incorporan materiales sostenibles y tecnolog\u00edas ecol\u00f3gicas.<\/li>\n<\/ul>\n<\/div>\n\n\n\n<div class=\"wp-block-column has-text-color has-link-color wp-elements-1f505daa131bf5b5726debb037e55760 is-layout-flow wp-block-column-is-layout-flow\" style=\"color:#000000;padding-top:2em;padding-right:2em;padding-bottom:2em;padding-left:2em\">\n<h2 class=\"wp-block-heading has-primary-color has-text-color has-link-color wp-elements-5ccc93958f50ad3ab82658cf206ca983\" id=\"single\" style=\"font-size:19px\"><strong>Asesoramiento Profesional<\/strong><\/h2>\n\n\n\n<ul class=\"has-normal-font-size\">\n<li style=\"font-size:15px\">Nuestro equipo te guiar\u00e1 en cada paso del proceso, desde la elecci\u00f3n de la furgoneta ideal hasta la instalaci\u00f3n de accesorios y equipamiento.<\/li>\n<\/ul>\n<\/div>\n<\/div>\n","protected":false},"excerpt":{"rendered":"<p>QUE HACEMOS En Tourist Van, Transformamos tu furgoneta en el hogar sobre ruedas de tus sue\u00f1os. Con m\u00e1s de 5 a\u00f1os de experiencia en el sector, muestro equipo esta listo para ofrecerte soluciones personalizadas que se adaptan a tus necesidades y estilo de vida. POR QUE ELEGIRNOS Calidad y Durabilidad Dise\u00f1o Personalizado Sostenibilidad Asesoramiento Profesional<\/p>\n","protected":false},"author":1,"featured_media":0,"parent":0,"menu_order":0,"comment_status":"closed","ping_status":"closed","template":"page-templates\/homepage.php","meta":{"footnotes":""},"aioseo_notices":[],"_links":{"self":[{"href":"https:\/\/www.touristvan.es\/tourist\/wp-json\/wp\/v2\/pages\/339"}],"collection":[{"href":"https:\/\/www.touristvan.es\/tourist\/wp-json\/wp\/v2\/pages"}],"about":[{"href":"https:\/\/www.touristvan.es\/tourist\/wp-json\/wp\/v2\/types\/page"}],"author":[{"embeddable":true,"href":"https:\/\/www.touristvan.es\/tourist\/wp-json\/wp\/v2\/users\/1"}],"replies":[{"embeddable":true,"href":"https:\/\/www.touristvan.es\/tourist\/wp-json\/wp\/v2\/comments?post=339"}],"version-history":[{"count":49,"href":"https:\/\/www.touristvan.es\/tourist\/wp-json\/wp\/v2\/pages\/339\/revisions"}],"predecessor-version":[{"id":624,"href":"https:\/\/www.touristvan.es\/tourist\/wp-json\/wp\/v2\/pages\/339\/revisions\/624"}],"wp:attachment":[{"href":"https:\/\/www.touristvan.es\/tourist\/wp-json\/wp\/v2\/media?parent=339"}],"curies":[{"name":"wp","href":"https:\/\/api.w.org\/{rel}","templated":true}]}}